{"id":3167,"date":"2022-12-15T11:38:33","date_gmt":"2022-12-15T11:38:33","guid":{"rendered":"https:\/\/salsapat.preprod3.blogestudio.com\/about-us\/"},"modified":"2023-01-03T12:54:14","modified_gmt":"2023-01-03T12:54:14","slug":"about-us","status":"publish","type":"page","link":"https:\/\/salsapatrimonio.es\/en\/about-us\/","title":{"rendered":"About us"},"content":{"rendered":"\t\t<div data-elementor-type=\"wp-page\" data-elementor-id=\"3167\" class=\"elementor elementor-3167 elementor-2559\" data-elementor-post-type=\"page\">\n\t\t\t\t\t\t<section class=\"elementor-section elementor-top-section elementor-element elementor-element-bdc223a elementor-section-full_width elementor-section-height-default elementor-section-height-default\" data-id=\"bdc223a\" data-element_type=\"section\" data-settings=\"{&quot;background_background&quot;:&quot;classic&quot;}\">\n\t\t\t\t\t\t<div class=\"elementor-container elementor-column-gap-default\">\n\t\t\t\t\t<div class=\"elementor-column elementor-col-66 elementor-top-column elementor-element elementor-element-1e124e5c\" data-id=\"1e124e5c\" data-element_type=\"column\" data-settings=\"{&quot;background_background&quot;:&quot;classic&quot;}\">\n\t\t\t<div class=\"elementor-widget-wrap elementor-element-populated\">\n\t\t\t\t\t\t<section class=\"elementor-section elementor-inner-section elementor-element elementor-element-391db9fe elementor-section-full_width elementor-section-content-top elementor-section-height-default elementor-section-height-default\" data-id=\"391db9fe\" data-element_type=\"section\">\n\t\t\t\t\t\t<div class=\"elementor-container elementor-column-gap-no\">\n\t\t\t\t\t<div class=\"elementor-column elementor-col-50 elementor-inner-column elementor-element elementor-element-10f5248e\" data-id=\"10f5248e\" data-element_type=\"column\">\n\t\t\t<div class=\"elementor-widget-wrap elementor-element-populated\">\n\t\t\t\t\t\t<div class=\"elementor-element elementor-element-b00ad1c elementor-view-default elementor-widget elementor-widget-icon\" data-id=\"b00ad1c\" data-element_type=\"widget\" data-widget_type=\"icon.default\">\n\t\t\t\t<div class=\"elementor-widget-container\">\n\t\t\t\t\t<div class=\"elementor-icon-wrapper\">\n\t\t\t<div class=\"elementor-icon\">\n\t\t\t<i aria-hidden=\"true\" class=\"fas fa-home\"><\/i>\t\t\t<\/div>\n\t\t<\/div>\n\t\t\t\t<\/div>\n\t\t\t\t<\/div>\n\t\t\t\t\t<\/div>\n\t\t<\/div>\n\t\t\t\t<div class=\"elementor-column elementor-col-50 elementor-inner-column elementor-element elementor-element-784368f0\" data-id=\"784368f0\" data-element_type=\"column\">\n\t\t\t<div class=\"elementor-widget-wrap elementor-element-populated\">\n\t\t\t\t\t\t<div class=\"elementor-element elementor-element-9d56467 elementor-widget elementor-widget-breadcrumbs\" data-id=\"9d56467\" data-element_type=\"widget\" data-widget_type=\"breadcrumbs.default\">\n\t\t\t\t<div class=\"elementor-widget-container\">\n\t\t\t<p id=\"breadcrumbs\"><span><span><a href=\"https:\/\/salsapatrimonio.es\/\">Inicio<\/a><\/span><\/span><\/p>\t\t<\/div>\n\t\t\t\t<\/div>\n\t\t\t\t\t<\/div>\n\t\t<\/div>\n\t\t\t\t\t<\/div>\n\t\t<\/section>\n\t\t\t\t<div class=\"elementor-element elementor-element-4cda5b17 elementor-widget elementor-widget-heading\" data-id=\"4cda5b17\" data-element_type=\"widget\" data-widget_type=\"heading.default\">\n\t\t\t\t<div class=\"elementor-widget-container\">\n\t\t\t<h2 class=\"elementor-heading-title elementor-size-default\">About us<\/h2>\t\t<\/div>\n\t\t\t\t<\/div>\n\t\t\t\t\t<\/div>\n\t\t<\/div>\n\t\t\t\t<div class=\"elementor-column elementor-col-33 elementor-top-column elementor-element elementor-element-44702945\" data-id=\"44702945\" data-element_type=\"column\">\n\t\t\t<div class=\"elementor-widget-wrap\">\n\t\t\t\t\t\t\t<\/div>\n\t\t<\/div>\n\t\t\t\t\t<\/div>\n\t\t<\/section>\n\t\t\t\t<section class=\"elementor-section elementor-top-section elementor-element elementor-element-7ff879e8 elementor-section-full_width elementor-section-height-min-height elementor-section-content-middle elementor-section-height-default elementor-section-items-middle\" data-id=\"7ff879e8\" data-element_type=\"section\">\n\t\t\t\t\t\t<div class=\"elementor-container elementor-column-gap-no\">\n\t\t\t\t\t<div class=\"elementor-column elementor-col-50 elementor-top-column elementor-element elementor-element-7974963d\" data-id=\"7974963d\" data-element_type=\"column\">\n\t\t\t<div class=\"elementor-widget-wrap elementor-element-populated\">\n\t\t\t\t\t\t<div class=\"elementor-element elementor-element-307ff813 elementor-widget elementor-widget-heading\" data-id=\"307ff813\" data-element_type=\"widget\" data-widget_type=\"heading.default\">\n\t\t\t\t<div class=\"elementor-widget-container\">\n\t\t\t<h1 class=\"elementor-heading-title elementor-size-default\">Salsa Patrimonio<\/h1>\t\t<\/div>\n\t\t\t\t<\/div>\n\t\t\t\t<div class=\"elementor-element elementor-element-49e67506 elementor-widget__width-initial elementor-widget elementor-widget-text-editor\" data-id=\"49e67506\" data-element_type=\"widget\" data-widget_type=\"text-editor.default\">\n\t\t\t\t<div class=\"elementor-widget-container\">\n\t\t\t\t\t\t\t<p><strong>Sociedad Azucarera Larios Patrimonio S.L. (Salsa Patrimonio),<\/strong> belongs to Grupo Sociedad Azucarera Larios, a benchmark in the real estate rental sector in M\u00e1laga. Since the very start, it has accumulated extensive experience in property management, with an exclusive image and location.<\/p>\n<p>In 2000 El Ingenio shopping centre became part of Salsa Patrimonio\u2019s property portfolio, located in the town of V\u00e9lez-M\u00e1laga and developed by the subsidiary of Grupo Sociedad Azucarera Larios, Sociedad Azucarera Larios S.L.<\/p>\n<p>They currently have their own real estate portfolio with a total surface area of more than 76,000 m2, including a theme-designed shopping centre, offices, residential buildings and business premises.<\/p><\/p>\n\t\t\t\t\t\t<\/div>\n\t\t\t\t<\/div>\n\t\t\t\t\t<\/div>\n\t\t<\/div>\n\t\t\t\t<div class=\"elementor-column elementor-col-50 elementor-top-column elementor-element elementor-element-35ab94c8\" data-id=\"35ab94c8\" data-element_type=\"column\">\n\t\t\t<div class=\"elementor-widget-wrap elementor-element-populated\">\n\t\t\t\t\t\t<div class=\"elementor-element elementor-element-ac1ad54 elementor-widget__width-inherit elementor-widget-tablet__width-initial elementor-widget-mobile__width-initial elementor-invisible elementor-widget elementor-widget-image\" data-id=\"ac1ad54\" data-element_type=\"widget\" data-settings=\"{&quot;_animation&quot;:&quot;fadeInRight&quot;}\" data-widget_type=\"image.default\">\n\t\t\t\t<div class=\"elementor-widget-container\">\n\t\t\t\t\t\t\t\t\t\t\t\t\t<img fetchpriority=\"high\" decoding=\"async\" width=\"2560\" height=\"1707\" src=\"https:\/\/salsapatrimonio.es\/wp-content\/uploads\/2022\/11\/A734762-scaled.jpg\" class=\"attachment-full size-full wp-image-3032\" alt=\"\" srcset=\"https:\/\/salsapatrimonio.es\/wp-content\/uploads\/2022\/11\/A734762-scaled.jpg 2560w, https:\/\/salsapatrimonio.es\/wp-content\/uploads\/2022\/11\/A734762-300x200.jpg 300w, https:\/\/salsapatrimonio.es\/wp-content\/uploads\/2022\/11\/A734762-1024x683.jpg 1024w, https:\/\/salsapatrimonio.es\/wp-content\/uploads\/2022\/11\/A734762-768x512.jpg 768w, https:\/\/salsapatrimonio.es\/wp-content\/uploads\/2022\/11\/A734762-1536x1024.jpg 1536w, https:\/\/salsapatrimonio.es\/wp-content\/uploads\/2022\/11\/A734762-2048x1365.jpg 2048w\" sizes=\"(max-width: 2560px) 100vw, 2560px\" \/>\t\t\t\t\t\t\t\t\t\t\t\t\t<\/div>\n\t\t\t\t<\/div>\n\t\t\t\t\t<\/div>\n\t\t<\/div>\n\t\t\t\t\t<\/div>\n\t\t<\/section>\n\t\t\t\t<section class=\"elementor-section elementor-top-section elementor-element elementor-element-16011189 elementor-section-content-top elementor-section-boxed elementor-section-height-default elementor-section-height-default\" data-id=\"16011189\" data-element_type=\"section\" data-settings=\"{&quot;background_background&quot;:&quot;classic&quot;}\">\n\t\t\t\t\t\t\t<div class=\"elementor-background-overlay\"><\/div>\n\t\t\t\t\t\t\t<div class=\"elementor-container elementor-column-gap-no\">\n\t\t\t\t\t<div class=\"elementor-column elementor-col-50 elementor-top-column elementor-element elementor-element-4e9a2eb3\" data-id=\"4e9a2eb3\" data-element_type=\"column\">\n\t\t\t<div class=\"elementor-widget-wrap elementor-element-populated\">\n\t\t\t\t\t\t<div class=\"elementor-element elementor-element-6982ecf0 elementor-widget elementor-widget-heading\" data-id=\"6982ecf0\" data-element_type=\"widget\" data-widget_type=\"heading.default\">\n\t\t\t\t<div class=\"elementor-widget-container\">\n\t\t\t<h4 class=\"elementor-heading-title elementor-size-default\">Shopping Centre: El Ingenio<\/h4>\t\t<\/div>\n\t\t\t\t<\/div>\n\t\t\t\t<div class=\"elementor-element elementor-element-dc2d345 elementor-widget__width-initial elementor-widget elementor-widget-text-editor\" data-id=\"dc2d345\" data-element_type=\"widget\" data-widget_type=\"text-editor.default\">\n\t\t\t\t<div class=\"elementor-widget-container\">\n\t\t\t\t\t\t\t<p>Designed by B\/SV Arquitectos, and themed by the leading world architecture firm in this type of projects, The Building a Theme Co. Ltd. (B.A.T.).<\/p>\n<p>Located in V\u00e9lez-M\u00e1laga, in the Costa del Sol, with direct access from the A-7 highway, comprising over 120 stores, a hypermarket, various medium-sized business establishments, a cinema with 12 screens, a gymnasium, 2,600 parking spaces and a petrol station. El Ingenio shopping centre has a total built surface of 48,010 m<sup>2<\/sup>. It has all the charm of our history, and looks ahead to the future thanks to state-of-the-art innovative technologies.<\/p>\n<p>Salsa Patrimonio has properties in M\u00e1laga and Madrid. It owns real estate in the exclusive commercial hub of Marqu\u00e9s de Larios, M\u00e1laga, which have been fully refurbished and offer a gross surface area of 20,259 m<sup>2<\/sup> for rent.<\/p>\n\t\t\t\t\t\t<\/div>\n\t\t\t\t<\/div>\n\t\t\t\t\t<\/div>\n\t\t<\/div>\n\t\t\t\t<div class=\"elementor-column elementor-col-50 elementor-top-column elementor-element elementor-element-3df0ec1\" data-id=\"3df0ec1\" data-element_type=\"column\">\n\t\t\t<div class=\"elementor-widget-wrap elementor-element-populated\">\n\t\t\t\t\t\t<div class=\"elementor-element elementor-element-5ae4472 elementor-widget elementor-widget-heading\" data-id=\"5ae4472\" data-element_type=\"widget\" data-widget_type=\"heading.default\">\n\t\t\t\t<div class=\"elementor-widget-container\">\n\t\t\t<h4 class=\"elementor-heading-title elementor-size-default\">Offices for rent<\/h4>\t\t<\/div>\n\t\t\t\t<\/div>\n\t\t\t\t<div class=\"elementor-element elementor-element-5495e8e elementor-widget__width-initial elementor-widget elementor-widget-text-editor\" data-id=\"5495e8e\" data-element_type=\"widget\" data-widget_type=\"text-editor.default\">\n\t\t\t\t<div class=\"elementor-widget-container\">\n\t\t\t\t\t\t\t<p>Located in unique buildings, with an exclusive image in the historic city centre of Malaga on calle Marqu\u00e9s de Larios and surrounding area, and in Madrid on calle Alfonso XI, in the \u201cJer\u00f3nimos\u201d district, and calle Vel\u00e1zquez, in the heart of Barrio de Salamanca.<\/p>\n\t\t\t\t\t\t<\/div>\n\t\t\t\t<\/div>\n\t\t\t\t<div class=\"elementor-element elementor-element-1fcd722 elementor-widget elementor-widget-heading\" data-id=\"1fcd722\" data-element_type=\"widget\" data-widget_type=\"heading.default\">\n\t\t\t\t<div class=\"elementor-widget-container\">\n\t\t\t<h4 class=\"elementor-heading-title elementor-size-default\">Business Premises<\/h4>\t\t<\/div>\n\t\t\t\t<\/div>\n\t\t\t\t<div class=\"elementor-element elementor-element-93bd19b elementor-widget__width-initial elementor-widget elementor-widget-text-editor\" data-id=\"93bd19b\" data-element_type=\"widget\" data-widget_type=\"text-editor.default\">\n\t\t\t\t<div class=\"elementor-widget-container\">\n\t\t\t\t\t\t\t<p>In M\u00e1laga\u2019s historic city centre, on calle Marqu\u00e9s de Larios and surrounding area, with an unbeatable location and visibility.<\/p>\n\t\t\t\t\t\t<\/div>\n\t\t\t\t<\/div>\n\t\t\t\t<div class=\"elementor-element elementor-element-1381113 elementor-widget elementor-widget-heading\" data-id=\"1381113\" data-element_type=\"widget\" data-widget_type=\"heading.default\">\n\t\t\t\t<div class=\"elementor-widget-container\">\n\t\t\t<h4 class=\"elementor-heading-title elementor-size-default\">Residential Properties for rent<\/h4>\t\t<\/div>\n\t\t\t\t<\/div>\n\t\t\t\t<div class=\"elementor-element elementor-element-726755e elementor-widget__width-initial elementor-widget elementor-widget-text-editor\" data-id=\"726755e\" data-element_type=\"widget\" data-widget_type=\"text-editor.default\">\n\t\t\t\t<div class=\"elementor-widget-container\">\n\t\t\t\t\t\t\t<p>Fully renovated apartmets and studios in emblematic buildings in the history city centre. Exclusives homes on the Costa del Sol.<\/p>\n\t\t\t\t\t\t<\/div>\n\t\t\t\t<\/div>\n\t\t\t\t\t<\/div>\n\t\t<\/div>\n\t\t\t\t\t<\/div>\n\t\t<\/section>\n\t\t\t\t<\/div>\n\t\t","protected":false},"excerpt":{"rendered":"<p>About us Salsa Patrimonio Sociedad Azucarera Larios Patrimonio S.L. (Salsa Patrimonio), belongs to Grupo Sociedad Azucarera Larios, a benchmark in the real estate rental sector in M\u00e1laga. Since the very start, it has accumulated extensive experience in property management, with an exclusive image and location. In 2000 El Ingenio shopping centre became part of Salsa [&hellip;]<\/p>\n","protected":false},"author":1,"featured_media":0,"parent":0,"menu_order":0,"comment_status":"closed","ping_status":"closed","template":"elementor_header_footer","meta":{"_acf_changed":false,"footnotes":""},"class_list":["post-3167","page","type-page","status-publish","hentry"],"acf":[],"yoast_head":"<!-- This site is optimized with the Yoast SEO plugin v25.1 - https:\/\/yoast.com\/wordpress\/plugins\/seo\/ -->\n<title>About us - Salsa Patrimonio<\/title>\n<meta name=\"robots\" content=\"index, follow, max-snippet:-1, max-image-preview:large, max-video-preview:-1\" \/>\n<link rel=\"canonical\" href=\"https:\/\/salsapatrimonio.es\/en\/about-us\/\" \/>\n<meta property=\"og:locale\" content=\"en_US\" \/>\n<meta property=\"og:type\" content=\"article\" \/>\n<meta property=\"og:title\" content=\"About us - Salsa Patrimonio\" \/>\n<meta property=\"og:description\" content=\"About us Salsa Patrimonio Sociedad Azucarera Larios Patrimonio S.L. (Salsa Patrimonio), belongs to Grupo Sociedad Azucarera Larios, a benchmark in the real estate rental sector in M\u00e1laga. Since the very start, it has accumulated extensive experience in property management, with an exclusive image and location. In 2000 El Ingenio shopping centre became part of Salsa [&hellip;]\" \/>\n<meta property=\"og:url\" content=\"https:\/\/salsapatrimonio.es\/en\/about-us\/\" \/>\n<meta property=\"og:site_name\" content=\"Salsa Patrimonio\" \/>\n<meta property=\"article:modified_time\" content=\"2023-01-03T12:54:14+00:00\" \/>\n<meta property=\"og:image\" content=\"https:\/\/salsapatrimonio.es\/wp-content\/uploads\/2022\/11\/A734762-scaled.jpg\" \/>\n<meta name=\"twitter:card\" content=\"summary_large_image\" \/>\n<meta name=\"twitter:label1\" content=\"Est. reading time\" \/>\n\t<meta name=\"twitter:data1\" content=\"2 minutes\" \/>\n<script type=\"application\/ld+json\" class=\"yoast-schema-graph\">{\"@context\":\"https:\/\/schema.org\",\"@graph\":[{\"@type\":\"WebPage\",\"@id\":\"https:\/\/salsapatrimonio.es\/en\/about-us\/\",\"url\":\"https:\/\/salsapatrimonio.es\/en\/about-us\/\",\"name\":\"About us - Salsa Patrimonio\",\"isPartOf\":{\"@id\":\"https:\/\/salsapatrimonio.es\/#website\"},\"primaryImageOfPage\":{\"@id\":\"https:\/\/salsapatrimonio.es\/en\/about-us\/#primaryimage\"},\"image\":{\"@id\":\"https:\/\/salsapatrimonio.es\/en\/about-us\/#primaryimage\"},\"thumbnailUrl\":\"https:\/\/salsapatrimonio.es\/wp-content\/uploads\/2022\/11\/A734762-scaled.jpg\",\"datePublished\":\"2022-12-15T11:38:33+00:00\",\"dateModified\":\"2023-01-03T12:54:14+00:00\",\"breadcrumb\":{\"@id\":\"https:\/\/salsapatrimonio.es\/en\/about-us\/#breadcrumb\"},\"inLanguage\":\"en-US\",\"potentialAction\":[{\"@type\":\"ReadAction\",\"target\":[\"https:\/\/salsapatrimonio.es\/en\/about-us\/\"]}]},{\"@type\":\"ImageObject\",\"inLanguage\":\"en-US\",\"@id\":\"https:\/\/salsapatrimonio.es\/en\/about-us\/#primaryimage\",\"url\":\"https:\/\/salsapatrimonio.es\/wp-content\/uploads\/2022\/11\/A734762-scaled.jpg\",\"contentUrl\":\"https:\/\/salsapatrimonio.es\/wp-content\/uploads\/2022\/11\/A734762-scaled.jpg\"},{\"@type\":\"BreadcrumbList\",\"@id\":\"https:\/\/salsapatrimonio.es\/en\/about-us\/#breadcrumb\",\"itemListElement\":[{\"@type\":\"ListItem\",\"position\":1,\"name\":\"Inicio\",\"item\":\"https:\/\/salsapatrimonio.es\/\"},{\"@type\":\"ListItem\",\"position\":2,\"name\":\"About us\"}]},{\"@type\":\"WebSite\",\"@id\":\"https:\/\/salsapatrimonio.es\/#website\",\"url\":\"https:\/\/salsapatrimonio.es\/\",\"name\":\"Salsa Patrimonio\",\"description\":\"Otro sitio realizado con WordPress\",\"potentialAction\":[{\"@type\":\"SearchAction\",\"target\":{\"@type\":\"EntryPoint\",\"urlTemplate\":\"https:\/\/salsapatrimonio.es\/?s={search_term_string}\"},\"query-input\":{\"@type\":\"PropertyValueSpecification\",\"valueRequired\":true,\"valueName\":\"search_term_string\"}}],\"inLanguage\":\"en-US\"}]}<\/script>\n<!-- \/ Yoast SEO plugin. -->","yoast_head_json":{"title":"About us - Salsa Patrimonio","robots":{"index":"index","follow":"follow","max-snippet":"max-snippet:-1","max-image-preview":"max-image-preview:large","max-video-preview":"max-video-preview:-1"},"canonical":"https:\/\/salsapatrimonio.es\/en\/about-us\/","og_locale":"en_US","og_type":"article","og_title":"About us - Salsa Patrimonio","og_description":"About us Salsa Patrimonio Sociedad Azucarera Larios Patrimonio S.L. (Salsa Patrimonio), belongs to Grupo Sociedad Azucarera Larios, a benchmark in the real estate rental sector in M\u00e1laga. Since the very start, it has accumulated extensive experience in property management, with an exclusive image and location. In 2000 El Ingenio shopping centre became part of Salsa [&hellip;]","og_url":"https:\/\/salsapatrimonio.es\/en\/about-us\/","og_site_name":"Salsa Patrimonio","article_modified_time":"2023-01-03T12:54:14+00:00","og_image":[{"url":"https:\/\/salsapatrimonio.es\/wp-content\/uploads\/2022\/11\/A734762-scaled.jpg","type":"","width":"","height":""}],"twitter_card":"summary_large_image","twitter_misc":{"Est. reading time":"2 minutes"},"schema":{"@context":"https:\/\/schema.org","@graph":[{"@type":"WebPage","@id":"https:\/\/salsapatrimonio.es\/en\/about-us\/","url":"https:\/\/salsapatrimonio.es\/en\/about-us\/","name":"About us - Salsa Patrimonio","isPartOf":{"@id":"https:\/\/salsapatrimonio.es\/#website"},"primaryImageOfPage":{"@id":"https:\/\/salsapatrimonio.es\/en\/about-us\/#primaryimage"},"image":{"@id":"https:\/\/salsapatrimonio.es\/en\/about-us\/#primaryimage"},"thumbnailUrl":"https:\/\/salsapatrimonio.es\/wp-content\/uploads\/2022\/11\/A734762-scaled.jpg","datePublished":"2022-12-15T11:38:33+00:00","dateModified":"2023-01-03T12:54:14+00:00","breadcrumb":{"@id":"https:\/\/salsapatrimonio.es\/en\/about-us\/#breadcrumb"},"inLanguage":"en-US","potentialAction":[{"@type":"ReadAction","target":["https:\/\/salsapatrimonio.es\/en\/about-us\/"]}]},{"@type":"ImageObject","inLanguage":"en-US","@id":"https:\/\/salsapatrimonio.es\/en\/about-us\/#primaryimage","url":"https:\/\/salsapatrimonio.es\/wp-content\/uploads\/2022\/11\/A734762-scaled.jpg","contentUrl":"https:\/\/salsapatrimonio.es\/wp-content\/uploads\/2022\/11\/A734762-scaled.jpg"},{"@type":"BreadcrumbList","@id":"https:\/\/salsapatrimonio.es\/en\/about-us\/#breadcrumb","itemListElement":[{"@type":"ListItem","position":1,"name":"Inicio","item":"https:\/\/salsapatrimonio.es\/"},{"@type":"ListItem","position":2,"name":"About us"}]},{"@type":"WebSite","@id":"https:\/\/salsapatrimonio.es\/#website","url":"https:\/\/salsapatrimonio.es\/","name":"Salsa Patrimonio","description":"Otro sitio realizado con WordPress","potentialAction":[{"@type":"SearchAction","target":{"@type":"EntryPoint","urlTemplate":"https:\/\/salsapatrimonio.es\/?s={search_term_string}"},"query-input":{"@type":"PropertyValueSpecification","valueRequired":true,"valueName":"search_term_string"}}],"inLanguage":"en-US"}]}},"_links":{"self":[{"href":"https:\/\/salsapatrimonio.es\/en\/wp-json\/wp\/v2\/pages\/3167","targetHints":{"allow":["GET"]}}],"collection":[{"href":"https:\/\/salsapatrimonio.es\/en\/wp-json\/wp\/v2\/pages"}],"about":[{"href":"https:\/\/salsapatrimonio.es\/en\/wp-json\/wp\/v2\/types\/page"}],"author":[{"embeddable":true,"href":"https:\/\/salsapatrimonio.es\/en\/wp-json\/wp\/v2\/users\/1"}],"replies":[{"embeddable":true,"href":"https:\/\/salsapatrimonio.es\/en\/wp-json\/wp\/v2\/comments?post=3167"}],"version-history":[{"count":3,"href":"https:\/\/salsapatrimonio.es\/en\/wp-json\/wp\/v2\/pages\/3167\/revisions"}],"predecessor-version":[{"id":3314,"href":"https:\/\/salsapatrimonio.es\/en\/wp-json\/wp\/v2\/pages\/3167\/revisions\/3314"}],"wp:attachment":[{"href":"https:\/\/salsapatrimonio.es\/en\/wp-json\/wp\/v2\/media?parent=3167"}],"curies":[{"name":"wp","href":"https:\/\/api.w.org\/{rel}","templated":true}]}}